{"id":3618,"date":"2019-02-13T14:44:56","date_gmt":"2019-02-13T14:44:56","guid":{"rendered":"https:\/\/muellerundsohn.eu\/?page_id=3613"},"modified":"2025-01-09T13:29:17","modified_gmt":"2025-01-09T12:29:17","slug":"aboutirenemueller","status":"publish","type":"page","link":"https:\/\/muellerundsohn.eu\/english\/team-and-label\/aboutirenemueller\/","title":{"rendered":"About Irene M\u00fcller"},"content":{"rendered":"\n<figure class=\"wp-block-image size-large is-resized caption-align-center is-style-editorskit-circular is-style-rounded\"><img decoding=\"async\" src=\"https:\/\/muellerundsohn.eu\/wp-content\/uploads\/2022\/08\/irene-profil.jpg\" alt=\"\" class=\"wp-image-2733\" style=\"width:105px\"\/><figcaption class=\"wp-element-caption\">Irene M\u00fcller<\/figcaption><\/figure>\n\n\n\n<p class=\"has-text-align-right has-extra-small-font-size\"><strong><a href=\"https:\/\/muellerundsohn.eu\/en\/about-diethard-sohn\/\" data-type=\"page\" data-id=\"8523\">Diethard Sohn<\/a><br><a href=\"https:\/\/muellerundsohn.eu\/english\/team-and-label\/\" data-type=\"page\" data-id=\"7928\">M\u00fcller &amp; Sohn<\/a><\/strong><\/p>\n\n\n\n<h3 class=\"wp-block-heading\"><strong>Visual artist<\/strong><\/h3>\n\n\n\n<p><a class=\"ek-link\" href=\"https:\/\/irene-mueller.com\">https:\/\/irene-mueller.com<\/a><\/p>\n\n\n\n<hr class=\"wp-block-separator has-css-opacity\"\/>\n\n\n\n<p><strong>2015<\/strong>&nbsp;Foundation of the label M\u00fcller &amp; Sohn (Irene M\u00fcller &amp; Diethard Sohn)<br>Since 2011 joint studio with Diethard Sohn<br><strong>1990<\/strong>&nbsp;Artistic studio in Stuttgart. Simultaneously active until 2014 as art director at a design agency and as graphic artist for various publishing houses.<br><strong>1987<\/strong>&nbsp; Visual Communication, \u201cMerz Academy\u201d University of Design, Art and Media Stuttgart, Degree: Diploma<br><strong>1986<\/strong>&nbsp;Studied painting and visual communication, Augsburg University of Applied Sciences<br><strong>1984<\/strong>&nbsp;Studied painting with Roland Schauls, Free Art School Stuttgart<br><strong>1981<\/strong>&nbsp;Studied law, University of Freiburg<br><strong>*1962<\/strong>&nbsp;Ulm<\/p>\n\n\n\n<hr class=\"wp-block-separator has-css-opacity\"\/>\n\n\n\n<p>Exhibitions and Projects<\/p>\n\n\n\n<p><strong>2024<\/strong> Solo exhibition Kunstverein Ludwigsburg (M\u00fcller&amp;Sohn+Ko, Irene M\u00fcller, Diethard Sohn and Hyunjeong Ko)<\/p>\n\n\n\n<p><strong>2024<\/strong> Solo exhibition Galerie der Stadt Plochingen &amp; Schauraum, Kulturpark Dettinger (M\u00fcller&amp;Sohn)<\/p>\n\n\n\n<p><strong>2023<\/strong> Tenth Art Prize of the City of Schwarzenberg, art-figura 2023, group exhibition, catalog (M\u00fcller&amp;Sohn)<br>W\u00fcrttembergischer Kunstverein Stuttgart, group exhibition (M\u00fcller&amp;Sohn)<\/p>\n\n\n\n<p><strong>2022<\/strong> Haus der Wirtschaft Baden-W\u00fcrttemberg, Stuttgart, solo exhibition (M\u00fcller&amp;Sohn)<br>DA! art-award, Stadtmuseum D\u00fcsseldorf, group exhibition<br>artwerk projekt, Vaihingen-Enz, group exhibition<br>Donaueschinger Regionale, Donaueschingen, group exhibition, catalog<\/p>\n\n\n\n<p><strong>2021<\/strong> Twenty-second Triennial Grenchen \/ Switzerland) xylographic printing process, group exhibition, catalog<\/p>\n\n\n\n<p><strong>2020<\/strong> Kunstverein Ludwigsburg the art association takes to the streets open-air members&#8217; exhibition<\/p>\n\n\n\n<p><strong>2019&nbsp;<\/strong>VII. Ellwanger Kunstausstellung 2019 \u2013 Group exhibition, juried.<br>W\u00fcrttembergischer Kunstverein Stuttgart, \u201ck\u00f6nnte aber doch\u201c (could be) \u2013 Group exhibition<br>\u201cPersonal Structures\u201d art exhibition in the context of the 58th Venice Biennale (May 13 \u2013 November 24, 2019).&nbsp;<br><strong>2018<\/strong>&nbsp;Plauen Hut in the Zillertal Alps at 2364 m altitude, solo exhibition video installation with the project SUPERWILDVISION Alpen, summer 2018&nbsp;<br><strong>2017<\/strong>&nbsp;Rathaus Winnenden \/ SUPERWILDVISION \/ solo exhibition, juried<br>W\u00fcrttembergischer Kunstverein Stuttgart, \u201cPresence, Criticism, Utopia\u201d \u2013 Group exhibition, juried \/ M\u00fcller &amp; Sohn with the project \u201cLooking For Traces\u201d.&nbsp;<br>Donaueschinger Regionale 2017, Group exhibition, juried, catalogue \/ M\u00fcller &amp; Sohn with the project \u201cPATHS \u2013 Alps\u201d,&nbsp;<br><strong>2016<\/strong>&nbsp;Kunstverein Ludwigsburg, M\u00fcller &amp; Sohn with the project \u201cPATHS \u2013 Alps\u201d, solo exhibition, juried.Galerie Meinlschmidt Fine Art, Summer Art Collection, Balingen, group exhibition&nbsp;<br><strong>2015<\/strong>&nbsp;WARTESAAL, culture in Besigheim, solo exhibitionArtist Association&nbsp;<br>Walkm\u00fchle in cooperation with the Office for Social Work, Wiesbaden, group exhibition juried, catalogue.<br>Kunstverein Ludwigsburg, group exhibitionDonaueschinger Regionale&nbsp;<br><strong>2015<\/strong>, group exhibition, catalogue. Project SUPERWILDVISION in the Zillertal Alps at 2364 m altitude, realization from summer 2015 onward.&nbsp;<br><strong>2014<\/strong>&nbsp;Project SUPERWILDVISION W\u00fcrmtal and Stuttgart-S\u00fcd, painting and videos<br>Solo exhibition near the project site in a former mill in the Black Forest, catalogue.&nbsp;<br><strong>2013<\/strong>&nbsp;W\u00fcrttembergischer Kunstverein Stuttgart, \u201cDas Antlitz\u201d (\u201cThe Face\u201c), group exhibition&nbsp;<br><strong>since&nbsp;2012<\/strong>&nbsp;beginning of the \u201cBoar Project\u201d in the W\u00fcrmtal. Developed into an artistic experiment: SUPERWILDVISION&nbsp;<br><strong>2010<\/strong>&nbsp;Galerie Kunstbezirk Stuttgart, [title] \u201cUrban Visions\u201d group exhibition, juried \/ series \u201cStuttgart Airport\u201dW\u00fcrttembergischer Kunstverein Stuttgart,&nbsp;<br>Group exhibitionGalerie Birkhofer, Gottenheim, group exhibition juried&nbsp;<br><strong>2009<\/strong>&nbsp;Gallery&nbsp;Kunststoff, Wismar, double exhibition&nbsp;<br><strong>2008<\/strong>&nbsp;Kunstverein Ludwigsburg, [title] \u201cEvolution\u201d group exhibition jurors, catalog. \/ with series \u201cAntarctic\u201d et al.&nbsp;&nbsp;<br><strong>2007<\/strong>&nbsp;Multiple stays in California, USA. Personally supervising promenades leads to the development of a painting series<br><strong>2005<\/strong>&nbsp;\u2013 stay in Ladakh, India. Origin of the portrait painting series \u201cMahabodhi Girls\u201d<br><strong>2003<\/strong>&nbsp;Collaboration on the project&nbsp;Church of Fear&nbsp;by and with Christoph Schlingensief (\u201cpole sitting competition\u201d 50th Venice Biennale \/ \u201cwalking body\u201d from Cologne to Frankfurt \/ \u201cHoly Communion\u201d drama Frankfurt) and theater production \u201cBambiland\u201d by Elfriede Jelinek, directed by Christoph Schlingensief,&nbsp;Burgtheater Vienna&nbsp;<br><strong>since&nbsp;2002&nbsp;<\/strong>international webcams as an inexhaustible source of inspiration Surveillance cameras of: weather \/ landscape, gas stations, road junctions, research stations, airports, refrigerators, beach promenades and many others&nbsp;<br><strong>1999<\/strong>&nbsp;House of the World\u2019s Cultures, Berlin,&nbsp;Pr\u00fcss &amp; Ochs Gallery&nbsp;Berlin-Beijing, exhibition&nbsp;GAP VIET NAM, catalogue.<br><strong>1997<\/strong>&nbsp;Publication of the Vietnam project in magazine \u201cdu\u201d. July \/ August issue 1997&nbsp;<br><strong>since&nbsp;1995<\/strong>&nbsp;Multiple stays in Vietnam (Hoi An). Origin of the Vietnam project: About 1000 found portrait photos from the 50s experience a transformation into painting&nbsp;<\/p>\n\n\n\n<hr class=\"wp-block-separator has-css-opacity\"\/>\n\n\n\n<p>Awards<br><strong>2019<\/strong> Art Prize of the Karl-Heinz Knoedler Foundation, Ellwangen<\/p>\n\n\n\n<hr class=\"wp-block-separator has-css-opacity\"\/>\n\n\n\n<p>Public purchases<br>City of Ludwigsburg: \u201cKuh Panorama 2008\u201d<\/p>\n\n\n\n<hr class=\"wp-block-separator has-css-opacity\"\/>\n\n\n\n<div class=\"wp-block-columns is-layout-flex wp-container-core-columns-is-layout-d0b3c9c8 wp-block-columns-is-layout-flex\">\n<div class=\"wp-block-column is-layout-flow wp-block-column-is-layout-flow\"><div class=\"wp-block-image caption-align-center is-style-editorskit-circular is-style-rounded\">\n<figure class=\"aligncenter size-large is-resized\"><img decoding=\"async\" src=\"https:\/\/muellerundsohn.eu\/wp-content\/uploads\/2022\/08\/cropped-B4A6E8AE-0391-492A-83D9-DAF163EBF689-scaled-2-450x450-1.jpeg\" alt=\"\" class=\"wp-image-8506\" style=\"width:105px;height:105px\" \/><figcaption class=\"wp-element-caption\"><a href=\"https:\/\/muellerundsohn.eu\/en\/team-and-label\/\" class=\"ek-link\">M\u00fcller &amp; Sohn<\/a><\/figcaption><\/figure>\n<\/div><\/div>\n\n\n\n<div class=\"wp-block-column is-layout-flow wp-block-column-is-layout-flow\"><div class=\"wp-block-image caption-align-center is-style-editorskit-circular is-style-rounded has-filter-grayscale\">\n<figure class=\"aligncenter size-large is-resized\"><img decoding=\"async\" src=\"https:\/\/muellerundsohn.eu\/wp-content\/uploads\/2022\/08\/irene-profil.jpg\" alt=\"\" class=\"wp-image-8503\" style=\"width:105px;height:105px\" \/><figcaption class=\"wp-element-caption\">Irene M\u00fcller<\/figcaption><\/figure>\n<\/div><\/div>\n\n\n\n<div class=\"wp-block-column is-layout-flow wp-block-column-is-layout-flow\"><div class=\"wp-block-image caption-align-center is-style-editorskit-circular is-style-rounded\">\n<figure class=\"aligncenter size-large is-resized\"><img decoding=\"async\" src=\"https:\/\/muellerundsohn.eu\/wp-content\/uploads\/2022\/08\/Diethard-Sohn-Profil-2019.jpg\" alt=\"\" class=\"wp-image-6766\" style=\"width:105px;height:105px\" \/><figcaption class=\"wp-element-caption\"><a href=\"https:\/\/muellerundsohn.eu\/en\/about-diethard-sohn\/\" data-type=\"page\" data-id=\"8523\">Diethard Sohn <\/a><\/figcaption><\/figure>\n<\/div><\/div>\n<\/div>\n","protected":false},"excerpt":{"rendered":"<p>Diethard SohnM\u00fcller &amp; Sohn Visual artist https:\/\/irene-mueller.com 2015&nbsp;Foundation of the label M\u00fcller &amp; Sohn (Irene M\u00fcller &amp; Diethard Sohn)Since 2011 joint studio with Diethard Sohn1990&nbsp;Artistic studio in Stuttgart. Simultaneously active until 2014 as art director at a design agency and as graphic artist for various publishing houses.1987&nbsp; Visual Communication, \u201cMerz Academy\u201d University of Design, Art&hellip; <a class=\"more-link\" href=\"https:\/\/muellerundsohn.eu\/english\/team-and-label\/aboutirenemueller\/\">Continue reading <span class=\"screen-reader-text\">About Irene M\u00fcller<\/span><\/a><\/p>\n","protected":false},"author":5,"featured_media":0,"parent":7928,"menu_order":0,"comment_status":"closed","ping_status":"closed","template":"","meta":{"footnotes":""},"class_list":["post-3618","page","type-page","status-publish","hentry","entry"],"_links":{"self":[{"href":"https:\/\/muellerundsohn.eu\/english\/wp-json\/wp\/v2\/pages\/3618","targetHints":{"allow":["GET"]}}],"collection":[{"href":"https:\/\/muellerundsohn.eu\/english\/wp-json\/wp\/v2\/pages"}],"about":[{"href":"https:\/\/muellerundsohn.eu\/english\/wp-json\/wp\/v2\/types\/page"}],"author":[{"embeddable":true,"href":"https:\/\/muellerundsohn.eu\/english\/wp-json\/wp\/v2\/users\/5"}],"replies":[{"embeddable":true,"href":"https:\/\/muellerundsohn.eu\/english\/wp-json\/wp\/v2\/comments?post=3618"}],"version-history":[{"count":2,"href":"https:\/\/muellerundsohn.eu\/english\/wp-json\/wp\/v2\/pages\/3618\/revisions"}],"predecessor-version":[{"id":10926,"href":"https:\/\/muellerundsohn.eu\/english\/wp-json\/wp\/v2\/pages\/3618\/revisions\/10926"}],"up":[{"embeddable":true,"href":"https:\/\/muellerundsohn.eu\/english\/wp-json\/wp\/v2\/pages\/7928"}],"wp:attachment":[{"href":"https:\/\/muellerundsohn.eu\/english\/wp-json\/wp\/v2\/media?parent=3618"}],"curies":[{"name":"wp","href":"https:\/\/api.w.org\/{rel}","templated":true}]}}