{"id":7928,"date":"2020-12-26T10:42:16","date_gmt":"2020-12-26T10:42:16","guid":{"rendered":"https:\/\/muellerundsohn.eu\/?page_id=7928"},"modified":"2025-01-09T13:31:25","modified_gmt":"2025-01-09T12:31:25","slug":"team-and-label","status":"publish","type":"page","link":"https:\/\/muellerundsohn.eu\/english\/team-and-label\/","title":{"rendered":"Team and Label"},"content":{"rendered":"\n<figure class=\"wp-block-image size-full is-resized caption-align-center is-style-editorskit-circular is-style-rounded\"><img decoding=\"async\" src=\"https:\/\/muellerundsohn.eu\/wp-content\/uploads\/2022\/08\/cropped-B4A6E8AE-0391-492A-83D9-DAF163EBF689-scaled-2-450x450-1.jpeg\" alt=\"\" class=\"wp-image-10046\" style=\"width:105px\"\/><figcaption class=\"wp-element-caption\">M\u00fcller &amp; Sohn<\/figcaption><\/figure>\n\n\n\n<p class=\"has-text-align-right has-extra-small-font-size\"><strong><a href=\"https:\/\/muellerundsohn.eu\/english\/team-and-label\/aboutirenemueller\/\" data-type=\"page\" data-id=\"3618\">Irene M\u00fcller<\/a><br><\/strong><a href=\"https:\/\/muellerundsohn.eu\/english\/about-diethard-sohn\/\" data-type=\"page\" data-id=\"8523\">Diethard Sohn<\/a><\/p>\n\n\n\n<h2 class=\"wp-block-heading\">Team and Label<\/h2>\n\n\n\n<hr class=\"wp-block-separator has-css-opacity\"\/>\n\n\n\n<p>Since 2011 Irene M\u00fcller and Diethard Sohn work in a joint studio.<\/p>\n\n\n\n<p>The label M\u00fcller &amp; Sohn was founded in 2015 by Irene M\u00fcller and Diethard Sohn and registered as a European trademark.<\/p>\n\n\n\n<p>In addition to their own respective, joint projects, works and exhibitions are created here. <\/p>\n\n\n\n<p>In 2019, M\u00fcller &amp; Sohn the joint project &#8220;Land gewinnen&#8221; was awarded the Art Prize of the Karl-Heinz Knoedler Foundation, Ellwangen.<\/p>\n\n\n\n<hr class=\"wp-block-separator has-css-opacity\"\/>\n\n\n\n<div class=\"wp-block-columns is-layout-flex wp-container-core-columns-is-layout-d0b3c9c8 wp-block-columns-is-layout-flex\">\n<div class=\"wp-block-column is-layout-flow wp-block-column-is-layout-flow\"><div class=\"wp-block-image caption-align-center is-style-editorskit-circular is-style-rounded has-filter-grayscale\">\n<figure class=\"aligncenter size-full is-resized\"><img decoding=\"async\" src=\"https:\/\/muellerundsohn.eu\/wp-content\/uploads\/2022\/08\/cropped-B4A6E8AE-0391-492A-83D9-DAF163EBF689-scaled-2-450x450-1.jpeg\" alt=\"\" class=\"wp-image-10046\" style=\"width:105px;height:105px\"\/><figcaption class=\"wp-element-caption\">M\u00fcller &amp; Sohn<\/figcaption><\/figure>\n<\/div><\/div>\n\n\n\n<div class=\"wp-block-column is-layout-flow wp-block-column-is-layout-flow\"><div class=\"wp-block-image caption-align-center is-style-editorskit-circular is-style-rounded\">\n<figure class=\"aligncenter size-full is-resized\"><img decoding=\"async\" src=\"https:\/\/muellerundsohn.eu\/wp-content\/uploads\/2022\/08\/irene-profil.jpg\" alt=\"\" class=\"wp-image-10028\" style=\"width:105px;height:105px\"\/><figcaption class=\"wp-element-caption\"><a href=\"https:\/\/muellerundsohn.eu\/en\/aboutirenemueller\/\" data-type=\"page\" data-id=\"3618\">Irene M\u00fcller<\/a><\/figcaption><\/figure>\n<\/div><\/div>\n\n\n\n<div class=\"wp-block-column is-layout-flow wp-block-column-is-layout-flow\"><div class=\"wp-block-image caption-align-center is-style-editorskit-circular is-style-rounded\">\n<figure class=\"aligncenter size-full is-resized\"><img decoding=\"async\" src=\"https:\/\/muellerundsohn.eu\/wp-content\/uploads\/2022\/08\/Diethard-Sohn-Profil-2019.jpg\" alt=\"\" class=\"wp-image-10027\" style=\"width:105px;height:105px\"\/><figcaption class=\"wp-element-caption\"><a href=\"https:\/\/muellerundsohn.eu\/en\/about-diethard-sohn\/\" data-type=\"page\" data-id=\"8523\">Diethard Sohn <\/a><\/figcaption><\/figure>\n<\/div><\/div>\n<\/div>\n","protected":false},"excerpt":{"rendered":"<p>Irene M\u00fcllerDiethard Sohn Team and Label Since 2011 Irene M\u00fcller and Diethard Sohn work in a joint studio. The label M\u00fcller &amp; Sohn was founded in 2015 by Irene M\u00fcller and Diethard Sohn and registered as a European trademark. In addition to their own respective, joint projects, works and exhibitions are created here. In 2019,&hellip; <a class=\"more-link\" href=\"https:\/\/muellerundsohn.eu\/english\/team-and-label\/\">Continue reading <span class=\"screen-reader-text\">Team and Label<\/span><\/a><\/p>\n","protected":false},"author":5,"featured_media":0,"parent":0,"menu_order":0,"comment_status":"closed","ping_status":"closed","template":"","meta":{"footnotes":""},"class_list":["post-7928","page","type-page","status-publish","hentry","entry"],"_links":{"self":[{"href":"https:\/\/muellerundsohn.eu\/english\/wp-json\/wp\/v2\/pages\/7928","targetHints":{"allow":["GET"]}}],"collection":[{"href":"https:\/\/muellerundsohn.eu\/english\/wp-json\/wp\/v2\/pages"}],"about":[{"href":"https:\/\/muellerundsohn.eu\/english\/wp-json\/wp\/v2\/types\/page"}],"author":[{"embeddable":true,"href":"https:\/\/muellerundsohn.eu\/english\/wp-json\/wp\/v2\/users\/5"}],"replies":[{"embeddable":true,"href":"https:\/\/muellerundsohn.eu\/english\/wp-json\/wp\/v2\/comments?post=7928"}],"version-history":[{"count":3,"href":"https:\/\/muellerundsohn.eu\/english\/wp-json\/wp\/v2\/pages\/7928\/revisions"}],"predecessor-version":[{"id":10929,"href":"https:\/\/muellerundsohn.eu\/english\/wp-json\/wp\/v2\/pages\/7928\/revisions\/10929"}],"wp:attachment":[{"href":"https:\/\/muellerundsohn.eu\/english\/wp-json\/wp\/v2\/media?parent=7928"}],"curies":[{"name":"wp","href":"https:\/\/api.w.org\/{rel}","templated":true}]}}